{"id":4979,"date":"2017-03-03T16:15:37","date_gmt":"2017-03-03T16:15:37","guid":{"rendered":"http:\/\/www.supremotech.si\/trgovina\/izdelek\/bitumenski-trak-fragmat-izotekt-v3\/"},"modified":"2017-03-03T16:25:53","modified_gmt":"2017-03-03T16:25:53","slug":"bitumenski-trak-fragmat-izotekt-v3","status":"publish","type":"product","link":"https:\/\/www.supremotech.si\/trgovina\/product\/bitumenski-trak-fragmat-izotekt-v3\/","title":{"rendered":"Bitumenski trak FRAGMAT Izotekt V3"},"content":{"rendered":"<p align=\"justify\">Uporablja se za manj zahtevne eno ali ve\u010dslojne hidroizolacije podzemnih delov objekta. Trak je z obeh strani za\u0161\u010diten z lahko taljivo polimerno folijo. Vgrajuje se lahko na obe strani.<\/p>\n<p align=\"justify\">Je bitumenski hidroizolacijski trak izdelan iz plastomernega (z APP dodatki oplemenitenega) bitumna na nosilcu (armaturi) iz steklenega voala. Trak je z obeh strani za\u0161\u010diten z lahko taljivo PE folijo. Podro\u010dja (mesta) uporabe: temelji, podlo\u017ena plo\u0161\u010da, temeljna AB plo\u0161\u010da. Vrste obremenitve hidroizolacije: talna vlaga (samo vlaga v zemljini, ni hidrostati\u010dnega tlaka), precedna voda (prepustna zemljina, voda ne zastaja ob objektu, mo\u017ena kratkotrajna obremenitev do 1 kPa (10 cm v.s.)) Vrste podlag: o\u010di\u0161\u010dene horizontalne betonske podlage. Na\u010din vgradnje: Vgrajuje se z varjenjem s plinskim gorilnikom na predhodno z Ibitolom HS premazano in \u017ee suho podlago. Spajanje trakov se izvede s preklopi \u0161irine 10 cm, ki morajo biti popolnoma zvarjeni. Hidroizolacijski sistemi: enoslojne in dvoslojne horizontalne hidroizolacije. Zlepljenost s podlago po celotni povr\u0161ini (trak polno navarjen): drugi sloj dvoslojnih horizontalnih hidroizolacij. Delna zlepljenost s podlago (trak to\u010dkovno (30%) navarjen): prvi sloj horizontalnih hidroizolacij.<\/p>\n","protected":false},"excerpt":{"rendered":"<h5>PAL=250 M2, ROLA=10 M2<\/h5>\n","protected":false},"featured_media":4170,"template":"","meta":[],"_links":{"self":[{"href":"https:\/\/www.supremotech.si\/trgovina\/wp-json\/wp\/v2\/product\/4979"}],"collection":[{"href":"https:\/\/www.supremotech.si\/trgovina\/wp-json\/wp\/v2\/product"}],"about":[{"href":"https:\/\/www.supremotech.si\/trgovina\/wp-json\/wp\/v2\/types\/product"}],"wp:featuredmedia":[{"embeddable":true,"href":"https:\/\/www.supremotech.si\/trgovina\/wp-json\/wp\/v2\/media\/4170"}],"wp:attachment":[{"href":"https:\/\/www.supremotech.si\/trgovina\/wp-json\/wp\/v2\/media?parent=4979"}],"curies":[{"name":"wp","href":"https:\/\/api.w.org\/{rel}","templated":true}]}}