{"id":70,"date":"2013-06-07T11:25:01","date_gmt":"2013-06-07T11:25:01","guid":{"rendered":"http:\/\/demo2.woothemes.com\/woocommerce\/?post_type=product&#038;p=70"},"modified":"2017-03-06T03:14:46","modified_gmt":"2017-03-06T03:14:46","slug":"bitumenski-trak","status":"publish","type":"product","link":"https:\/\/www.supremotech.si\/trgovina\/product\/bitumenski-trak\/","title":{"rendered":"Bitumenski trak FRAGMAT V4"},"content":{"rendered":"<p align=\"justify\">Uporablja se za manj zahtevne eno ali ve\u010dslojne hidroizolacije podzemnih delov objekta. Trak je z obeh strani za\u0161\u010diten z lahko taljivo polimerno folijo. Vgrajuje se lahko na obe strani.<\/p>\n<p align=\"justify\">Je bitumenski hidroizolacijski trak izdelan iz plastomernega (z APP dodatki oplemenitenega) bitumna na nosilcu (armaturi) iz steklenega voala. Trak je z obeh strani za\u0161\u010diten z lahko taljivo PE folijo.<br \/>\nPodro\u010dja (mesta) uporabe: temelji, podlo\u017ena plo\u0161\u010da, temeljna AB plo\u0161\u010da, vkopane (zasute) zunanje stene. Vrste obremenitve hidroizolacije: talna vlaga (samo vlaga v zemljini, ni hidrostati\u010dnega tlaka), precedna voda (prepustna zemljina, voda ne zastaja ob objektu, mo\u017ena kratkotrajna obremenitev do 1 kPa (10 cm v.s.)) Vrste podlag: o\u010di\u0161\u010dene betonske podlage, izravnane zidane stene. Na\u010din vgradnje: Vgrajuje se z varjenjem s plinskim gorilnikom na predhodno z Ibitolom HS premazano in \u017ee suho podlago. Spajanje trakov se izvede s preklopi \u0161irine 10 cm, ki morajo biti popolnoma zvarjeni. Hidroizolacijski sistemi: enoslojne horizontalne in vertikalne hidroizolacije, dvoslojne horizontalne in vertikalne hidroizolacije. Zlepljenost s podlago po celotni povr\u0161ini (trak polno navarjen): prvi (in drugi) sloj vertikalnih hidroizolacij, drugi sloj dvoslojnih horizontalnih hidroizolacij. Delna zlepljenost s podlago (trak to\u010dkovno (30%) navarjen): prvi sloj horizontalnih hidroizolacij.<\/p>\n","protected":false},"excerpt":{"rendered":"<h5>PAL=200 M2, ROLA=10 M2<\/h5>\n","protected":false},"featured_media":4170,"template":"","meta":[],"_links":{"self":[{"href":"https:\/\/www.supremotech.si\/trgovina\/wp-json\/wp\/v2\/product\/70"}],"collection":[{"href":"https:\/\/www.supremotech.si\/trgovina\/wp-json\/wp\/v2\/product"}],"about":[{"href":"https:\/\/www.supremotech.si\/trgovina\/wp-json\/wp\/v2\/types\/product"}],"wp:featuredmedia":[{"embeddable":true,"href":"https:\/\/www.supremotech.si\/trgovina\/wp-json\/wp\/v2\/media\/4170"}],"wp:attachment":[{"href":"https:\/\/www.supremotech.si\/trgovina\/wp-json\/wp\/v2\/media?parent=70"}],"curies":[{"name":"wp","href":"https:\/\/api.w.org\/{rel}","templated":true}]}}