{"id":73,"date":"2013-06-07T11:27:38","date_gmt":"2013-06-07T11:27:38","guid":{"rendered":"http:\/\/demo2.woothemes.com\/woocommerce\/?post_type=product&amp;p=73"},"modified":"2013-06-07T11:27:38","modified_gmt":"2013-06-07T11:27:38","slug":"velux","status":"publish","type":"product","link":"https:\/\/www.supremotech.si\/trgovina\/product\/velux\/","title":{"rendered":"Okno velux GGL"},"content":{"rendered":"<div class=\"content\">\n<p>Leseno stre\u0161no okno GGL (z dvojnim tesnenjem med krilom in okvirjem okna)\u00a0s sredinskim vpetjem je primerno za skoraj vse prostore, od kuhinje in spalnice do dnevne in otro\u0161ke sobe.\u00a0Ro\u010dno upravljanje okna z ro\u010dico na zgornji strani krila vam omogo\u010da enostavno dvostopenjsko odpiranje ne glede na postavitev pohi\u0161tva; najprej se odpre prezra\u010devalna loputa, nato pa \u0161e okno. Ta edinstvena prezra\u010devalna loputa tudi zadr\u017euje prah in insekte zunaj, sve\u017e zrak pa spu\u0161\u010da noter.<br \/>\nOkno se v svojem okviru lahko zavrti za 160\u00b0, kar olaj\u0161a \u010di\u0161\u010denje.<\/p>\n<p><b>Material:<\/b><br \/>\nNaraven borov les (brez vidnih dol\u017einskih spojev), impregniran in premazan z dvemi sloji prozornega akrilnega laka na vodni osnovi.\u00a0Na zunanji strani so leseni deli okna za\u0161\u010diteni z aluminijem v temno sivi barvi.\u00a0Lepljeno notranje in kaljeno zunanje steklo (oznaka 73G).\u00a0\u00a0Na voljo so tudi druge zasteklitve.<\/p>\n<\/div>\n<h4><span class=\"editable\" data-type=\"dictionary\" data-value=\"second_content\">Prednosti:<\/span><\/h4>\n<div class=\"scontent\">\n<ul>\n<li><strong>Mo\u017ena naknadna vgradnja elektri\u010dnega ali solarnega upravljanja<\/strong><\/li>\n<\/ul>\n<ul>\n<li><strong>Edinstvena prezra\u010devalna loputa<\/strong><\/li>\n<\/ul>\n<ul>\n<li><strong>Zgornja ro\u010dica za odpiranje, ro\u010dno uporavljanje<\/strong><\/li>\n<\/ul>\n<ul>\n<li><strong>Varna zasteklitev<\/strong><\/li>\n<\/ul>\n<ul>\n<li><strong>Enostavna nadgradnja z VELUX sen\u010dili.<\/strong><\/li>\n<\/ul>\n<p>&nbsp;<\/p>\n<\/div>\n<p>&nbsp;<\/p>\n","protected":false},"excerpt":{"rendered":"<p>STRE\u0160NO OKNO VELUX GGL MK06 3050 78X118 CM, LESENO<\/p>\n","protected":false},"featured_media":4174,"template":"","meta":[],"_links":{"self":[{"href":"https:\/\/www.supremotech.si\/trgovina\/wp-json\/wp\/v2\/product\/73"}],"collection":[{"href":"https:\/\/www.supremotech.si\/trgovina\/wp-json\/wp\/v2\/product"}],"about":[{"href":"https:\/\/www.supremotech.si\/trgovina\/wp-json\/wp\/v2\/types\/product"}],"wp:featuredmedia":[{"embeddable":true,"href":"https:\/\/www.supremotech.si\/trgovina\/wp-json\/wp\/v2\/media\/4174"}],"wp:attachment":[{"href":"https:\/\/www.supremotech.si\/trgovina\/wp-json\/wp\/v2\/media?parent=73"}],"curies":[{"name":"wp","href":"https:\/\/api.w.org\/{rel}","templated":true}]}}