{"id":8,"date":"2017-02-17T17:03:59","date_gmt":"2017-02-17T17:03:59","guid":{"rendered":"http:\/\/www.supremotech.si\/trgovina\/?post_type=product&#038;p=8"},"modified":"2017-02-24T17:36:26","modified_gmt":"2017-02-24T17:36:26","slug":"jupol-2l","status":"publish","type":"product","link":"https:\/\/www.supremotech.si\/trgovina\/product\/jupol-2l\/","title":{"rendered":"Zidna barva Jupol 2L"},"content":{"rendered":"<div class=\"collateral-box\">\n<div class=\"short-description\">\n<p align=\"justify\">\nJUPOL LATEX POLMAT je okolju prijazna visoko pralna barva izdelana na osnovi vodne disperzije modernih polimernih veziv. Namenjena je dekorativni za\u0161\u010diti sten in drugih povr\u0161in v \u0161olah, vrtcih, bolni\u0161nicah, hotelih, domovih za starostnike in drugih javnih, pa tudi obrtnih in industrijskih objektih, katerih higiena se vzdr\u017euje s pogostim umivanjem z obi\u010dajnimi gospodinjskimi \u010distili, pa tudi z agresivnimi dezinfekcijskimi sredstvi. Proizvodnja barve poteka pod nadzorom T\u00dcV S\u00dcD Industrie Service GmbH, M\u00fcnchen. Koli\u010dina: 2 l.\n<\/p>\n<\/div>\n<\/div>\n","protected":false},"excerpt":{"rendered":"<p>JUPOL LATEX POLMAT je okolju prijazna visoko pralna barva izdelana na osnovi vodne disperzije modernih polimernih veziv.<\/p>\n<p>&nbsp;<\/p>\n<div class=\"collateral-box\"><\/div>\n","protected":false},"featured_media":4722,"template":"","meta":[],"_links":{"self":[{"href":"https:\/\/www.supremotech.si\/trgovina\/wp-json\/wp\/v2\/product\/8"}],"collection":[{"href":"https:\/\/www.supremotech.si\/trgovina\/wp-json\/wp\/v2\/product"}],"about":[{"href":"https:\/\/www.supremotech.si\/trgovina\/wp-json\/wp\/v2\/types\/product"}],"wp:featuredmedia":[{"embeddable":true,"href":"https:\/\/www.supremotech.si\/trgovina\/wp-json\/wp\/v2\/media\/4722"}],"wp:attachment":[{"href":"https:\/\/www.supremotech.si\/trgovina\/wp-json\/wp\/v2\/media?parent=8"}],"curies":[{"name":"wp","href":"https:\/\/api.w.org\/{rel}","templated":true}]}}